{"id":3,"date":"2023-06-06T23:17:33","date_gmt":"2023-06-06T23:17:33","guid":{"rendered":"https:\/\/gogreencallcenter.com\/?page_id=3"},"modified":"2024-10-07T02:12:37","modified_gmt":"2024-10-07T02:12:37","slug":"politica-de-privacidad-2","status":"publish","type":"page","link":"https:\/\/gogreencallcenter.com\/es\/politica-de-privacidad-2\/","title":{"rendered":"Pol\u00edtica de privacidad"},"content":{"rendered":"<div data-elementor-type=\"wp-page\" data-elementor-id=\"3\" class=\"elementor elementor-3\" data-elementor-post-type=\"page\">\n\t\t\t\t\t\t<section class=\"elementor-section elementor-top-section elementor-element elementor-element-ae64217 elementor-section-height-min-height elementor-section-boxed elementor-section-height-default elementor-section-items-middle\" data-id=\"ae64217\" data-element_type=\"section\" data-e-type=\"section\" data-settings=\"{&quot;background_background&quot;:&quot;classic&quot;}\">\n\t\t\t\t\t\t<div class=\"elementor-container elementor-column-gap-default\">\n\t\t\t\t\t<div class=\"elementor-column elementor-col-100 elementor-top-column elementor-element elementor-element-e051188\" data-id=\"e051188\" data-element_type=\"column\" data-e-type=\"column\">\n\t\t\t<div class=\"elementor-widget-wrap elementor-element-populated\">\n\t\t\t\t\t\t<div class=\"elementor-element elementor-element-f71a536 elementor-widget elementor-widget-heading\" data-id=\"f71a536\" data-element_type=\"widget\" data-e-type=\"widget\" data-widget_type=\"heading.default\">\n\t\t\t\t<div class=\"elementor-widget-container\">\n\t\t\t\t\t<h1 class=\"elementor-heading-title elementor-size-default\">Pol\u00edtica de privacidad <\/h1>\t\t\t\t<\/div>\n\t\t\t\t<\/div>\n\t\t\t\t\t<\/div>\n\t\t<\/div>\n\t\t\t\t\t<\/div>\n\t\t<\/section>\n\t\t\t\t<section class=\"elementor-section elementor-top-section elementor-element elementor-element-d2bf8ff elementor-section-boxed elementor-section-height-default elementor-section-height-default\" data-id=\"d2bf8ff\" data-element_type=\"section\" data-e-type=\"section\">\n\t\t\t\t\t\t<div class=\"elementor-container elementor-column-gap-default\">\n\t\t\t\t\t<div class=\"elementor-column elementor-col-100 elementor-top-column elementor-element elementor-element-10d28ec\" data-id=\"10d28ec\" data-element_type=\"column\" data-e-type=\"column\">\n\t\t\t<div class=\"elementor-widget-wrap elementor-element-populated\">\n\t\t\t\t\t\t<div class=\"elementor-element elementor-element-dc6470a elementor-widget elementor-widget-text-editor\" data-id=\"dc6470a\" data-element_type=\"widget\" data-e-type=\"widget\" data-widget_type=\"text-editor.default\">\n\t\t\t\t<div class=\"elementor-widget-container\">\n\t\t\t\t\t\t\t\t\t<p><strong>Pol\u00edtica de privacidad de Go Green Call Center<\/strong><\/p><p class=\"translation-block\">\u00daltima actualizaci\u00f3n: 26 de septiembre de 2024<\/p><p>Su privacidad es de suma importancia para nosotros. Esta Pol\u00edtica de Privacidad explica c\u00f3mo recogemos, utilizamos, revelamos y protegemos su informaci\u00f3n personal cuando accede y utiliza nuestros servicios, ya sea a trav\u00e9s de nuestro sitio web o de cualquier otro canal relacionado. Al utilizar nuestro sitio web y nuestros servicios, usted acepta las pr\u00e1cticas relativas a los datos descritas en esta pol\u00edtica.<\/p><ol><li><strong> Informaci\u00f3n que recopilamos<\/strong><\/li><\/ol><p>Para proporcionarle servicios excepcionales de centro de llamadas y soluciones de asistencia, podemos recopilar las siguientes categor\u00edas de informaci\u00f3n:<\/p><p><strong>1.1 Informaci\u00f3n personal<\/strong><\/p><ul><li><strong>Datos de contacto:<\/strong> Esto incluye su nombre, direcci\u00f3n de correo electr\u00f3nico, n\u00famero de tel\u00e9fono, informaci\u00f3n comercial y cualquier otro dato que nos facilite voluntariamente al ponerse en contacto con nosotros.<\/li><li><strong>Registros de comunicaci\u00f3n:<\/strong> Cuando se comunica con nuestro equipo por tel\u00e9fono, correo electr\u00f3nico, chat o a trav\u00e9s de nuestros formularios de contacto, recopilamos el contenido de estas comunicaciones para ayudarle mejor.<\/li><li><strong>Informaci\u00f3n transaccional:<\/strong> Si adquiere nuestros servicios, recopilamos los datos de la transacci\u00f3n, incluida la direcci\u00f3n de facturaci\u00f3n, la informaci\u00f3n de pago y los detalles del servicio adquirido.<\/li><\/ul><p><strong>1.2 Informaci\u00f3n t\u00e9cnica<\/strong><\/p><ul><li><strong>Datos de uso:<\/strong> Podemos recopilar informaci\u00f3n sobre c\u00f3mo utiliza nuestro sitio web, como su direcci\u00f3n IP, el tipo de navegador, el sistema operativo, las p\u00e1ginas visitadas y la hora y duraci\u00f3n de su visita.<\/li><li><strong>Informaci\u00f3n del dispositivo:<\/strong> Datos sobre el dispositivo que utiliza para acceder a nuestro sitio web, como el tipo de dispositivo, el sistema operativo y los identificadores \u00fanicos de dispositivo.<\/li><li><strong>Cookies y tecnolog\u00edas de seguimiento:<\/strong> Utilizamos cookies y tecnolog\u00edas de seguimiento similares para controlar la actividad en nuestro sitio web, ofrecer una experiencia de usuario m\u00e1s personalizada y recopilar datos anal\u00edticos sobre el rendimiento del sitio.<\/li><\/ul><p><strong>1.3 Informaci\u00f3n relacionada con el servicio<\/strong><\/p><ul><li><strong>Datos de Chatbot:<\/strong> Si utiliza nuestros servicios de chatbot, recopilamos informaci\u00f3n de las interacciones, incluida la naturaleza de las consultas, los registros de chat y las respuestas para proporcionar una mejor asistencia y mejorar la funcionalidad del servicio.<\/li><li><strong>Informaci\u00f3n del cliente:<\/strong> En el caso de nuestros clientes que utilizan nuestros servicios de centro de llamadas, podemos recopilar informaci\u00f3n sobre su negocio, incluidas las consultas de los clientes, los requisitos de asistencia y cualquier dato adicional necesario para prestar nuestros servicios de forma eficaz.<\/li><\/ul><ol start=\"2\"><li><strong> C\u00f3mo utilizamos su informaci\u00f3n<\/strong><\/li><\/ol><p>Utilizamos la informaci\u00f3n que recogemos para los siguientes fines:<\/p><p><strong>2.1 Prestaci\u00f3n de servicios<\/strong><\/p><ul><li>Para proporcionar, operar y mantener nuestros servicios, incluyendo nuestro chatbot, click-to-call, soporte por correo electr\u00f3nico y otras soluciones de centro de llamadas.<\/li><li>Procesar los pagos, gestionar la facturaci\u00f3n y garantizar la prestaci\u00f3n correcta de los servicios adquiridos.<\/li><\/ul><p><strong>2.2 Atenci\u00f3n al cliente<\/strong><\/p><ul><li>Para responder a sus consultas, solicitudes y reclamaciones y para proporcionarle atenci\u00f3n y asistencia al cliente en general.<\/li><li>Para comunicarnos con usted acerca de actualizaciones, promociones o cualquier cambio en nuestros servicios.<\/li><\/ul><p><strong>2.3 Personalizaci\u00f3n y marketing<\/strong><\/p><ul><li>Para personalizar su experiencia en nuestro sitio web, recomendarle servicios que puedan interesarle y adaptar el contenido a sus preferencias.<\/li><li>Para enviar comunicaciones de marketing, como boletines informativos, material promocional y ofertas especiales, siempre que usted no haya optado por no recibir dichas comunicaciones.<\/li><\/ul><p><strong>2.4 An\u00e1lisis y mejoras<\/strong><\/p><ul><li>Analizar patrones de uso y tendencias para mejorar la calidad, funcionalidad y experiencia de usuario de nuestro sitio web y servicios.<\/li><li>Realizar tareas de depuraci\u00f3n, pruebas y resoluci\u00f3n de problemas t\u00e9cnicos para garantizar una prestaci\u00f3n de servicios sin interrupciones.<\/li><\/ul><p><strong>2.5 Seguridad y conformidad<\/strong><\/p><ul><li>Para detectar y prevenir actividades fraudulentas, accesos no autorizados u otras actividades ilegales.<\/li><li>Cumplir las obligaciones legales, proteger los derechos y la seguridad de nuestros usuarios y hacer cumplir nuestras condiciones y pol\u00edticas.<\/li><\/ul><ol start=\"3\"><li><strong> Intercambio y divulgaci\u00f3n de informaci\u00f3n<\/strong><\/li><\/ol><p>Nos tomamos muy en serio su privacidad y no compartiremos, venderemos ni alquilaremos su informaci\u00f3n personal a terceros, salvo en las siguientes circunstancias:<\/p><p><strong>3.1 Proveedores de servicios<\/strong> Podemos compartir tu informaci\u00f3n con terceros de confianza que nos ayudan a operar nuestro negocio, incluyendo procesadores de pagos, proveedores de servicios de TI, plataformas de atenci\u00f3n al cliente y servicios de an\u00e1lisis. Estos terceros solo est\u00e1n autorizados a usar tu informaci\u00f3n seg\u00fan sea necesario para llevar a cabo sus funciones espec\u00edficas y deben cumplir con nuestros est\u00e1ndares de privacidad.<\/p><p><strong>3.2 Transferencias Comerciales<\/strong> En el caso de una fusi\u00f3n, adquisici\u00f3n o venta de la totalidad o una parte de nuestro negocio o activos, tu informaci\u00f3n puede ser transferida como parte de esa transacci\u00f3n. Te notificaremos a trav\u00e9s de correo electr\u00f3nico y\/o un aviso destacado en nuestro sitio web sobre cualquier cambio de propiedad o uso de tu informaci\u00f3n.<\/p><p><strong>3.3 Cumplimiento Legal y Protecci\u00f3n<\/strong> Podemos divulgar tu informaci\u00f3n cuando sea requerido por la ley, una orden judicial o una regulaci\u00f3n gubernamental, o si creemos que dicha divulgaci\u00f3n es necesaria para proteger los derechos, la propiedad o la seguridad de Go Green Call Center, nuestros usuarios u otros.<\/p><ol start=\"4\"><li><strong> Seguridad de los Datos<\/strong><\/li><\/ol><p>Estamos comprometidos con la protecci\u00f3n de tu informaci\u00f3n personal e implementamos medidas t\u00e9cnicas y organizativas adecuadas para proteger tus datos contra accesos no autorizados, alteraciones, divulgaci\u00f3n o destrucci\u00f3n. Algunas de las medidas de seguridad que utilizamos incluyen encriptaci\u00f3n, servidores seguros, firewalls y evaluaciones regulares de seguridad.<\/p><p>Sin embargo, ten en cuenta que ning\u00fan m\u00e9todo de transmisi\u00f3n de datos a trav\u00e9s de Internet o almacenamiento electr\u00f3nico es completamente seguro. Aunque nos esforzamos por proteger tu informaci\u00f3n personal, no podemos garantizar su seguridad absoluta, y cualquier transmisi\u00f3n de datos es bajo tu propio riesgo.<\/p><ol start=\"5\"><li><strong> Tus Opciones y Derechos<\/strong><\/li><\/ol><p><strong>5.1 Optar por No Recibir Comunicaciones<\/strong> Puedes optar por no recibir comunicaciones de marketing de nuestra parte en cualquier momento siguiendo las instrucciones de cancelaci\u00f3n de suscripci\u00f3n incluidas en los correos electr\u00f3nicos o contact\u00e1ndonos directamente a info@gogreencallcenter.com.<\/p><p><strong>5.2 Acceso, Correcci\u00f3n y Eliminaci\u00f3n<\/strong> Tienes derecho a acceder, corregir, actualizar o solicitar la eliminaci\u00f3n de tu informaci\u00f3n personal en nuestro poder. Para ejercer estos derechos, por favor cont\u00e1ctanos en info@gogreencallcenter.com. Responderemos a tu solicitud de acuerdo con las leyes de protecci\u00f3n de datos aplicables.<\/p><p><strong>5.3 Preferencias de Cookies<\/strong> La mayor\u00eda de los navegadores web te permiten controlar las cookies a trav\u00e9s de la configuraci\u00f3n del navegador. Puedes optar por deshabilitar las cookies, pero ten en cuenta que hacerlo puede afectar la funcionalidad de ciertas caracter\u00edsticas en nuestro sitio web.<\/p><ol start=\"6\"><li><strong> Transferencias Internacionales de Datos<\/strong><\/li><\/ol><p>Como proveedor de servicios global, Go Green Call Center opera en diferentes pa\u00edses, y tu informaci\u00f3n puede ser transferida, almacenada o procesada en un pa\u00eds distinto al de tu residencia. Al utilizar nuestros servicios, consientes dichas transferencias y entiendes que las leyes de protecci\u00f3n de datos pueden variar seg\u00fan la jurisdicci\u00f3n. Tomamos medidas para garantizar que tus datos se traten de manera segura y de acuerdo con esta Pol\u00edtica de Privacidad, independientemente del lugar donde se procesen.<\/p><ol start=\"7\"><li><strong> Retenci\u00f3n de Informaci\u00f3n Personal<\/strong><\/li><\/ol><p>Retenemos tu informaci\u00f3n personal durante el tiempo que sea necesario para proporcionar nuestros servicios, cumplir con obligaciones legales, resolver disputas y hacer cumplir nuestros acuerdos. Cuando tu informaci\u00f3n ya no sea necesaria para estos prop\u00f3sitos, la eliminaremos o anonimizar\u00e1n de forma segura.<\/p><ol start=\"8\"><li><strong> Enlaces y Servicios de Terceros<\/strong><\/li><\/ol><p>Nuestro sitio web puede contener enlaces a sitios web o servicios de terceros. Esta Pol\u00edtica de Privacidad se aplica \u00fanicamente a la informaci\u00f3n recopilada por Go Green Call Center. No somos responsables de las pr\u00e1cticas de privacidad de sitios web de terceros y te recomendamos revisar sus pol\u00edticas de privacidad antes de proporcionar cualquier informaci\u00f3n personal.<\/p><ol start=\"9\"><li><strong> Privacidad de los Ni\u00f1os<\/strong><\/li><\/ol><p>Nuestros servicios no est\u00e1n dirigidos a personas menores de 18 a\u00f1os. No recopilamos ni solicitamos intencionalmente informaci\u00f3n personal de ni\u00f1os. Si llegamos a enterarnos de que hemos recopilado informaci\u00f3n de un ni\u00f1o menor de 18 a\u00f1os, tomaremos medidas para eliminar dicha informaci\u00f3n de inmediato. Si crees que podr\u00edamos tener informaci\u00f3n de o sobre un ni\u00f1o, por favor cont\u00e1ctanos en info@gogreencallcenter.com.<\/p><ol start=\"10\"><li><strong> Cambios a Esta Pol\u00edtica de Privacidad<\/strong><\/li><\/ol><p>Podemos actualizar esta Pol\u00edtica de Privacidad de vez en cuando para reflejar cambios en nuestras pr\u00e1cticas o requisitos legales. Cualquier cambio se publicar\u00e1 en esta p\u00e1gina con una fecha de vigencia actualizada. Te recomendamos revisar esta pol\u00edtica peri\u00f3dicamente para mantenerte informado sobre c\u00f3mo protegemos tu informaci\u00f3n.<\/p><ol start=\"11\"><li><strong> Contacto<\/strong><\/li><\/ol><p>Si tienes alguna pregunta, inquietud o solicitud relacionada con esta Pol\u00edtica de Privacidad o nuestras pr\u00e1cticas de datos, por favor cont\u00e1ctanos en:<strong> Correo Electr\u00f3nico:<\/strong> info@gogreencallcenter.com<\/p><p>Estamos aqu\u00ed para ayudarte y haremos todo lo posible para responder a tu consulta con prontitud.<\/p>\t\t\t\t\t\t\t\t<\/div>\n\t\t\t\t<\/div>\n\t\t\t\t\t<\/div>\n\t\t<\/div>\n\t\t\t\t\t<\/div>\n\t\t<\/section>\n\t\t\t\t<\/div>","protected":false},"excerpt":{"rendered":"<p>Privacy Policy Privacy Policy for Go Green Call Center Last Updated: September 26th, 2024 Your privacy is of utmost importance to us. This Privacy Policy explains how we collect, use, disclose, and protect your personal information when you access and use our services, whether through our website or any other related channels. By engaging with [&hellip;]<\/p>\n","protected":false},"author":2,"featured_media":0,"parent":0,"menu_order":0,"comment_status":"closed","ping_status":"closed","template":"","meta":{"footnotes":""},"class_list":["post-3","page","type-page","status-publish","hentry"],"_links":{"self":[{"href":"https:\/\/gogreencallcenter.com\/es\/wp-json\/wp\/v2\/pages\/3","targetHints":{"allow":["GET"]}}],"collection":[{"href":"https:\/\/gogreencallcenter.com\/es\/wp-json\/wp\/v2\/pages"}],"about":[{"href":"https:\/\/gogreencallcenter.com\/es\/wp-json\/wp\/v2\/types\/page"}],"author":[{"embeddable":true,"href":"https:\/\/gogreencallcenter.com\/es\/wp-json\/wp\/v2\/users\/2"}],"replies":[{"embeddable":true,"href":"https:\/\/gogreencallcenter.com\/es\/wp-json\/wp\/v2\/comments?post=3"}],"version-history":[{"count":11,"href":"https:\/\/gogreencallcenter.com\/es\/wp-json\/wp\/v2\/pages\/3\/revisions"}],"predecessor-version":[{"id":176,"href":"https:\/\/gogreencallcenter.com\/es\/wp-json\/wp\/v2\/pages\/3\/revisions\/176"}],"wp:attachment":[{"href":"https:\/\/gogreencallcenter.com\/es\/wp-json\/wp\/v2\/media?parent=3"}],"curies":[{"name":"wp","href":"https:\/\/api.w.org\/{rel}","templated":true}]}}